{"id":1177,"date":"2023-11-04T17:53:34","date_gmt":"2023-11-04T17:53:34","guid":{"rendered":"https:\/\/ecosteelgroup.dz\/wp\/?page_id=1177"},"modified":"2023-11-04T17:53:34","modified_gmt":"2023-11-04T17:53:34","slug":"aluminium","status":"publish","type":"page","link":"https:\/\/ecosteelgroup.dz\/?page_id=1177","title":{"rendered":"Aluminium"},"content":{"rendered":"<section class=\"wpb-content-wrapper\"><p>[vc_row css=\u00a0\u00bb.vc_custom_1696604099569{margin-bottom: 20px !important;}\u00a0\u00bb has_content=\u00a0\u00bbtrue\u00a0\u00bb][vc_column]<h5 class='heading-content  style-1' ><span>Fiche technique<\/span><\/h5>[\/vc_column][\/vc_row][vc_row][vc_column][vc_column_text]L&rsquo;aluminium est un\u00a0\u00e9l\u00e9ment chimique, de symbole Al et de num\u00e9ro atomique 13. C&rsquo;est un m\u00e9tal pauvre, mall\u00e9able, de couleur argent\u00e9e, qui est remarquable pour sa r\u00e9sistance \u00e0 l&rsquo;oxydation et sa faible densit\u00e9.[\/vc_column_text][\/vc_column][\/vc_row][vc_row][vc_column][vc_column_text]<strong>FICHE TECHNIQUE DE LINGOT D&rsquo;ALUMNUIM ( CARTER )<\/strong>[\/vc_column_text][vc_column_text]<\/p>\n<table style=\"border-collapse: collapse; width: 780pt;\" border=\"0\" width=\"1040\" cellspacing=\"0\" cellpadding=\"0\">\n<tbody>\n<tr style=\"height: 14.5pt;\">\n<td class=\"xl66\" style=\"height: 14.5pt; width: 60pt;\" width=\"80\" height=\"19\">AL <span class=\"font5\">[%]<\/span><\/td>\n<td class=\"xl66\" style=\"width: 60pt;\" width=\"80\">SI [%]<\/td>\n<td class=\"xl66\" style=\"width: 60pt;\" width=\"80\">FE [%]<\/td>\n<td class=\"xl66\" style=\"width: 60pt;\" width=\"80\">CU [%]<\/td>\n<td class=\"xl66\" style=\"width: 60pt;\" width=\"80\">MN [%]<\/td>\n<td class=\"xl66\" style=\"width: 60pt;\" width=\"80\">MG [%]<\/td>\n<td class=\"xl66\" style=\"width: 60pt;\" width=\"80\">ZN [%]<\/td>\n<td class=\"xl66\" style=\"width: 60pt;\" width=\"80\">TI [%]<\/td>\n<td class=\"xl66\" style=\"width: 60pt;\" width=\"80\">CR [%]<\/td>\n<td class=\"xl66\" style=\"width: 60pt;\" width=\"80\">NI [%]<\/td>\n<td class=\"xl66\" style=\"width: 60pt;\" width=\"80\">SN [%]<\/td>\n<td class=\"xl66\" style=\"width: 60pt;\" width=\"80\">GA [%]<\/td>\n<td class=\"xl66\" style=\"width: 60pt;\" width=\"80\">SB [%]<\/td>\n<\/tr>\n<tr style=\"height: 14.5pt;\">\n<td class=\"xl65\" style=\"height: 14.5pt;\" height=\"19\">83,74<\/td>\n<td class=\"xl65\">11<\/td>\n<td class=\"xl65\">0,88<\/td>\n<td class=\"xl65\">1,82<\/td>\n<td class=\"xl65\">0,138<\/td>\n<td class=\"xl65\">0,135<\/td>\n<td class=\"xl65\">1,76<\/td>\n<td class=\"xl65\">0,0386<\/td>\n<td class=\"xl65\">0,0164<\/td>\n<td class=\"xl65\">0,0186<\/td>\n<td class=\"xl65\">0,0302<\/td>\n<td class=\"xl65\">0,0139<\/td>\n<td class=\"xl65\">0,071<\/td>\n<\/tr>\n<\/tbody>\n<\/table>\n<p>[\/vc_column_text][vc_column_text]Voici la fiche technique de lingots d\u2019aluminium ( carter ) \u00a0avec la possibilit\u00e9 de change le pourcentage des \u00e9l\u00e9ments motionn\u00e9[\/vc_column_text][\/vc_column][\/vc_row][vc_row][vc_column][vc_column_text]<strong>FICHE TECHNIQUE DE LINGOT D&rsquo;ALUMNUIM ( CANNETTE )<\/strong>[\/vc_column_text][vc_column_text]<\/p>\n<table style=\"border-collapse: collapse; width: 660pt;\" border=\"0\" width=\"880\" cellspacing=\"0\" cellpadding=\"0\">\n<tbody>\n<tr style=\"height: 14.5pt;\">\n<td class=\"xl66\" style=\"height: 14.5pt; width: 60pt;\" width=\"80\" height=\"19\">AL <span class=\"font5\">[%]<\/span><\/td>\n<td class=\"xl66\" style=\"width: 60pt;\" width=\"80\">SI [%]<\/td>\n<td class=\"xl66\" style=\"width: 60pt;\" width=\"80\">FE [%]<\/td>\n<td class=\"xl66\" style=\"width: 60pt;\" width=\"80\">CU [%]<\/td>\n<td class=\"xl66\" style=\"width: 60pt;\" width=\"80\">MN [%]<\/td>\n<td class=\"xl66\" style=\"width: 60pt;\" width=\"80\">MG [%]<\/td>\n<td class=\"xl66\" style=\"width: 60pt;\" width=\"80\">ZN [%]<\/td>\n<td class=\"xl66\" style=\"width: 60pt;\" width=\"80\">TI [%]<\/td>\n<td class=\"xl66\" style=\"width: 60pt;\" width=\"80\">CR [%]<\/td>\n<td class=\"xl66\" style=\"width: 60pt;\" width=\"80\">V [%]<\/td>\n<td class=\"xl66\" style=\"width: 60pt;\" width=\"80\">SN [%]<\/td>\n<\/tr>\n<tr style=\"height: 14.5pt;\">\n<td class=\"xl65\" style=\"height: 14.5pt;\" height=\"19\">97,4<\/td>\n<td class=\"xl65\">0,252<\/td>\n<td class=\"xl65\">0,819<\/td>\n<td class=\"xl65\">0,194<\/td>\n<td class=\"xl65\">0,915<\/td>\n<td class=\"xl65\">0,252<\/td>\n<td class=\"xl65\">0,0629<\/td>\n<td class=\"xl65\">0,0205<\/td>\n<td class=\"xl65\">0,0244<\/td>\n<td class=\"xl65\">0,014<\/td>\n<td class=\"xl65\">0,0125<\/td>\n<\/tr>\n<\/tbody>\n<\/table>\n<p>[\/vc_column_text][vc_column_text]Voici la fiche technique de lingots d\u2019aluminium (cannette) avec la possibilit\u00e9 de change le pourcentage des \u00e9l\u00e9ments motionn\u00e9[\/vc_column_text][\/vc_column][\/vc_row][vc_row disable_element=\u00a0\u00bbyes\u00a0\u00bb css=\u00a0\u00bb.vc_custom_1696006551562{margin-bottom: 20px !important;}\u00a0\u00bb has_content=\u00a0\u00bbtrue\u00a0\u00bb][vc_column]<h5 class='heading-content  style-1' ><span>PROJECT BACKERS<\/span><\/h5>[\/vc_column][\/vc_row][vc_row disable_element=\u00a0\u00bbyes\u00a0\u00bb][vc_column][vc_single_image image=\u00a0\u00bb498&Prime; img_size=\u00a0\u00bbfull\u00a0\u00bb][\/vc_column][\/vc_row][vc_row disable_element=\u00a0\u00bbyes\u00a0\u00bb][vc_column][vc_column_text]Lorem ipsum dolor sit amet, consectetur adipiscing elit. Quisque nec erat erat. Integer blandit, nulla quis fermentum hendrerit, nisi diam viverra metus, porta semper est ipsum et sapien.[\/vc_column_text]<ul class='list '><li>Halworks Ltd, inc.<\/li><li>Toms and family inc.<\/li><li>Bricks and woods ltd.<\/li><\/ul>[\/vc_column][\/vc_row]<\/p>\n<\/section>","protected":false},"excerpt":{"rendered":"<p>[vc_row css=\u00a0\u00bb.vc_custom_1696604099569{margin-bottom: 20px !important;}\u00a0\u00bb has_content=\u00a0\u00bbtrue\u00a0\u00bb][vc_column][\/vc_column][\/vc_row][vc_row][vc_column][vc_column_text]L&rsquo;aluminium est un\u00a0\u00e9l\u00e9ment chimique, de symbole Al et de num\u00e9ro atomique 13. C&rsquo;est un m\u00e9tal pauvre, mall\u00e9able, de couleur argent\u00e9e, qui est remarquable pour sa r\u00e9sistance \u00e0 l&rsquo;oxydation et sa faible densit\u00e9.[\/vc_column_text][\/vc_column][\/vc_row][vc_row][vc_column][vc_column_text]FICHE TECHNIQUE DE LINGOT D&rsquo;ALUMNUIM&#8230;<\/p>\n","protected":false},"author":1,"featured_media":0,"parent":0,"menu_order":0,"comment_status":"closed","ping_status":"closed","template":"","meta":{"footnotes":""},"class_list":["post-1177","page","type-page","status-publish","hentry"],"_links":{"self":[{"href":"https:\/\/ecosteelgroup.dz\/index.php?rest_route=\/wp\/v2\/pages\/1177","targetHints":{"allow":["GET"]}}],"collection":[{"href":"https:\/\/ecosteelgroup.dz\/index.php?rest_route=\/wp\/v2\/pages"}],"about":[{"href":"https:\/\/ecosteelgroup.dz\/index.php?rest_route=\/wp\/v2\/types\/page"}],"author":[{"embeddable":true,"href":"https:\/\/ecosteelgroup.dz\/index.php?rest_route=\/wp\/v2\/users\/1"}],"replies":[{"embeddable":true,"href":"https:\/\/ecosteelgroup.dz\/index.php?rest_route=%2Fwp%2Fv2%2Fcomments&post=1177"}],"version-history":[{"count":1,"href":"https:\/\/ecosteelgroup.dz\/index.php?rest_route=\/wp\/v2\/pages\/1177\/revisions"}],"predecessor-version":[{"id":1178,"href":"https:\/\/ecosteelgroup.dz\/index.php?rest_route=\/wp\/v2\/pages\/1177\/revisions\/1178"}],"wp:attachment":[{"href":"https:\/\/ecosteelgroup.dz\/index.php?rest_route=%2Fwp%2Fv2%2Fmedia&parent=1177"}],"curies":[{"name":"wp","href":"https:\/\/api.w.org\/{rel}","templated":true}]}}