{"id":1199,"date":"2023-11-04T18:44:53","date_gmt":"2023-11-04T18:44:53","guid":{"rendered":"https:\/\/ecosteelgroup.dz\/wp\/?page_id=1199"},"modified":"2023-11-04T18:44:53","modified_gmt":"2023-11-04T18:44:53","slug":"clou-en-bobine","status":"publish","type":"page","link":"https:\/\/ecosteelgroup.dz\/?page_id=1199","title":{"rendered":"Clou en bobine"},"content":{"rendered":"<section class=\"wpb-content-wrapper\"><p>[vc_row css=\u00a0\u00bb.vc_custom_1418650600843{margin-bottom: 20px !important;}\u00a0\u00bb has_content=\u00a0\u00bbtrue\u00a0\u00bb][vc_column]<h5 class='heading-content  style-1' ><span>Caract\u00e9ristiques des produits :<\/span><\/h5>[\/vc_column][\/vc_row][vc_row][vc_column][vc_column_text]Les clous torsad\u00e9s, \u00e9galement nomm\u00e9s \u00ab clous-vis \u00bb, p\u00e9n\u00e8trent en tournant, lui offrant ainsi une meilleure tenue dans le bois. Id\u00e9al pour les constructions de bois (charpente, menuiserie non apparente), fixation bois sur bois, contre-plaqu\u00e9 sur bois, pi\u00e8ces m\u00e9talliques sur bois. Forte r\u00e9sistance \u00e0 l\u2019arrachement et \u00e0 la d\u00e9formation du b\u00e2ti.[\/vc_column_text][vc_empty_space][\/vc_column][\/vc_row][vc_row css=\u00a0\u00bb.vc_custom_1418650606516{margin-bottom: 20px !important;}\u00a0\u00bb has_content=\u00a0\u00bbtrue\u00a0\u00bb][vc_column]<h5 class='heading-content  style-1' ><span>Conditionnement :<\/span><\/h5>[vc_column_text]Dans des boites en carton comme indiquer le tableau suivant\u00a0:<\/p>\n<table>\n<tbody>\n<tr>\n<td width=\"77\"><strong><em><u>CODE<\/u><\/em><\/strong><\/td>\n<td width=\"77\"><strong><em><u>(d)<\/u><\/em><\/strong><\/td>\n<td width=\"77\"><strong><em><u>(L)<\/u><\/em><\/strong><\/td>\n<td width=\"77\"><strong><em><u>(D)<\/u><\/em><\/strong><\/td>\n<td width=\"77\"><strong><em><u>Taille de boite<\/u><\/em><\/strong><\/td>\n<td width=\"77\"><strong><em><u>Clous\/bobine<\/u><\/em><\/strong><\/td>\n<td width=\"77\"><strong><em><u>Bobine\/boite<\/u><\/em><\/strong><\/td>\n<td width=\"77\"><strong><em><u>Clous\/boite<\/u><\/em><\/strong><\/td>\n<\/tr>\n<tr>\n<td width=\"77\"><strong>ECOS2545<\/strong><\/p>\n<p><strong>\u00a0<\/strong><\/td>\n<td width=\"77\"><strong>2.5<\/strong><\/td>\n<td width=\"77\"><strong>45<\/strong><\/td>\n<td width=\"77\"><strong>6.2<\/strong><\/td>\n<td width=\"77\"><strong>560*240*205<\/strong><\/td>\n<td width=\"77\"><strong>300<\/strong><\/td>\n<td width=\"77\"><strong>40<\/strong><\/td>\n<td width=\"77\"><strong>12000<\/strong><\/td>\n<\/tr>\n<tr>\n<td width=\"77\"><strong>ECOS2550<\/strong><\/td>\n<td width=\"77\"><strong>2.5<\/strong><\/td>\n<td width=\"77\"><strong>50<\/strong><\/td>\n<td width=\"77\"><strong>6.2<\/strong><\/td>\n<td width=\"77\"><strong>560*240*175<\/strong><\/td>\n<td width=\"77\"><strong>300<\/strong><\/td>\n<td width=\"77\"><strong>30<\/strong><\/td>\n<td width=\"77\"><strong>9000<\/strong><\/td>\n<\/tr>\n<tr>\n<td width=\"77\"><strong>ECOS2560<\/strong><\/td>\n<td width=\"77\"><strong>2.5<\/strong><\/td>\n<td width=\"77\"><strong>60<\/strong><\/td>\n<td width=\"77\"><strong>6.2<\/strong><\/td>\n<td width=\"77\"><strong>560*240*205<\/strong><\/td>\n<td width=\"77\"><strong>300<\/strong><\/td>\n<td width=\"77\"><strong>30<\/strong><\/td>\n<td width=\"77\"><strong>9000<\/strong><\/td>\n<\/tr>\n<tr>\n<td width=\"77\"><strong>ECOS2570<\/strong><\/td>\n<td width=\"77\"><strong>2.5<\/strong><\/td>\n<td width=\"77\"><strong>70<\/strong><\/td>\n<td width=\"77\"><strong>6.2<\/strong><\/td>\n<td width=\"77\"><strong>560*240*235<\/strong><\/td>\n<td width=\"77\"><strong>300<\/strong><\/td>\n<td width=\"77\"><strong>30<\/strong><\/td>\n<td width=\"77\"><strong>9000<\/strong><\/td>\n<\/tr>\n<\/tbody>\n<\/table>\n<p>[\/vc_column_text][\/vc_column][\/vc_row][vc_row disable_element=\u00a0\u00bbyes\u00a0\u00bb][vc_column][vc_single_image image=\u00a0\u00bb498&Prime; img_size=\u00a0\u00bbfull\u00a0\u00bb][\/vc_column][\/vc_row][vc_row disable_element=\u00a0\u00bbyes\u00a0\u00bb][vc_column][vc_column_text]Lorem ipsum dolor sit amet, consectetur adipiscing elit. Quisque nec erat erat. Integer blandit, nulla quis fermentum hendrerit, nisi diam viverra metus, porta semper est ipsum et sapien.[\/vc_column_text]<ul class='list '><li>Halworks Ltd, inc.<\/li><li>Toms and family inc.<\/li><li>Bricks and woods ltd.<\/li><\/ul>[\/vc_column][\/vc_row]<\/p>\n<\/section>","protected":false},"excerpt":{"rendered":"<p>[vc_row css=\u00a0\u00bb.vc_custom_1418650600843{margin-bottom: 20px !important;}\u00a0\u00bb has_content=\u00a0\u00bbtrue\u00a0\u00bb][vc_column][\/vc_column][\/vc_row][vc_row][vc_column][vc_column_text]Les clous torsad\u00e9s, \u00e9galement nomm\u00e9s \u00ab clous-vis \u00bb, p\u00e9n\u00e8trent en tournant, lui offrant ainsi une meilleure tenue dans le bois. Id\u00e9al pour les constructions de bois (charpente, menuiserie non apparente), fixation bois sur bois, contre-plaqu\u00e9 sur&#8230;<\/p>\n","protected":false},"author":1,"featured_media":0,"parent":0,"menu_order":0,"comment_status":"closed","ping_status":"closed","template":"","meta":{"footnotes":""},"class_list":["post-1199","page","type-page","status-publish","hentry"],"_links":{"self":[{"href":"https:\/\/ecosteelgroup.dz\/index.php?rest_route=\/wp\/v2\/pages\/1199","targetHints":{"allow":["GET"]}}],"collection":[{"href":"https:\/\/ecosteelgroup.dz\/index.php?rest_route=\/wp\/v2\/pages"}],"about":[{"href":"https:\/\/ecosteelgroup.dz\/index.php?rest_route=\/wp\/v2\/types\/page"}],"author":[{"embeddable":true,"href":"https:\/\/ecosteelgroup.dz\/index.php?rest_route=\/wp\/v2\/users\/1"}],"replies":[{"embeddable":true,"href":"https:\/\/ecosteelgroup.dz\/index.php?rest_route=%2Fwp%2Fv2%2Fcomments&post=1199"}],"version-history":[{"count":1,"href":"https:\/\/ecosteelgroup.dz\/index.php?rest_route=\/wp\/v2\/pages\/1199\/revisions"}],"predecessor-version":[{"id":1200,"href":"https:\/\/ecosteelgroup.dz\/index.php?rest_route=\/wp\/v2\/pages\/1199\/revisions\/1200"}],"wp:attachment":[{"href":"https:\/\/ecosteelgroup.dz\/index.php?rest_route=%2Fwp%2Fv2%2Fmedia&parent=1199"}],"curies":[{"name":"wp","href":"https:\/\/api.w.org\/{rel}","templated":true}]}}